{"id":2505,"date":"2022-08-29T17:33:25","date_gmt":"2022-08-29T15:33:25","guid":{"rendered":"https:\/\/samifrutta.com\/organizzazione\/"},"modified":"2024-01-10T10:04:36","modified_gmt":"2024-01-10T09:04:36","slug":"organizzazione","status":"publish","type":"page","link":"https:\/\/samifrutta.com\/es\/organizzazione\/","title":{"rendered":"Organizaci\u00f3n"},"content":{"rendered":"\n<h2>\n\t\tOrganizaci\u00f3n del negocio\n\t<\/h2>\n\t<p>Nuestra empresa est\u00e1 organizada y orientada a la b\u00fasqueda de objetivos corporativos comunes.<\/p>\n\t<p>La estructura tiene forma de pir\u00e1mide: en la cima est\u00e1 el director general Michele Santorelli, quien fija la estrategia de la empresa a implementar y los objetivos a alcanzar; A continuaci\u00f3n encontramos los distintos directivos, cada uno con sus propias \u00e1reas de especializaci\u00f3n:<\/p>\n<ul>\n<li>oficina de ventas;<\/li>\n<li>oficina de compras;<\/li>\n<li>oficina administrativa;<\/li>\n<li>log\u00edstica<\/li>\n<li>recursos humanos<\/li>\n<li>zona de producci\u00f3n, donde se llevan a cabo las fases de <a href=\"https:\/\/samifrutta.com\/es\/procesando\/\">procesamiento<\/a><\/li>\n<li>Laboratorio de an\u00e1lisis, en el que se implementan nuevos productos con tecnolog\u00edas y t\u00e9cnicos altamente especializados en el sector.<\/li>\n<\/ul>\n<p>La principal caracter\u00edstica de nuestra organizaci\u00f3n corporativa es la coordinaci\u00f3n de actividades especializadas, las cuales bajo la direcci\u00f3n de la alta direcci\u00f3n desarrollan sus actividades de forma independiente, pero a la vez interconectadas.<\/p>\n\n","protected":false},"excerpt":{"rendered":"<p>Organizaci\u00f3n del negocio Nuestra empresa est\u00e1 organizada y orientada a la b\u00fasqueda de objetivos corporativos comunes. La estructura tiene forma de pir\u00e1mide: en la cima est\u00e1 el director general Michele Santorelli, quien fija la estrategia de la empresa a implementar y los objetivos a alcanzar; A continuaci\u00f3n encontramos los distintos directivos, cada uno con sus [&hellip;]<\/p>\n","protected":false},"author":3,"featured_media":0,"parent":0,"menu_order":0,"comment_status":"closed","ping_status":"closed","template":"","meta":{"site-sidebar-layout":"default","site-content-layout":"page-builder","ast-site-content-layout":"","site-content-style":"default","site-sidebar-style":"default","ast-global-header-display":"","ast-banner-title-visibility":"","ast-main-header-display":"","ast-hfb-above-header-display":"","ast-hfb-below-header-display":"","ast-hfb-mobile-header-display":"","site-post-title":"disabled","ast-breadcrumbs-content":"","ast-featured-img":"","footer-sml-layout":"","theme-transparent-header-meta":"disabled","adv-header-id-meta":"","stick-header-meta":"default","header-above-stick-meta":"","header-main-stick-meta":"","header-below-stick-meta":"","astra-migrate-meta-layouts":"default","ast-page-background-enabled":"default","ast-page-background-meta":{"desktop":{"background-color":"var(--ast-global-color-4)","background-image":"","background-repeat":"repeat","background-position":"center center","background-size":"auto","background-attachment":"scroll","background-type":"","background-media":"","overlay-type":"","overlay-color":"","overlay-gradient":""},"tablet":{"background-color":"","background-image":"","background-repeat":"repeat","background-position":"center center","background-size":"auto","background-attachment":"scroll","background-type":"","background-media":"","overlay-type":"","overlay-color":"","overlay-gradient":""},"mobile":{"background-color":"","background-image":"","background-repeat":"repeat","background-position":"center center","background-size":"auto","background-attachment":"scroll","background-type":"","background-media":"","overlay-type":"","overlay-color":"","overlay-gradient":""}},"ast-content-background-meta":{"desktop":{"background-color":"var(--ast-global-color-5)","background-image":"","background-repeat":"repeat","background-position":"center center","background-size":"auto","background-attachment":"scroll","background-type":"","background-media":"","overlay-type":"","overlay-color":"","overlay-gradient":""},"tablet":{"background-color":"var(--ast-global-color-5)","background-image":"","background-repeat":"repeat","background-position":"center center","background-size":"auto","background-attachment":"scroll","background-type":"","background-media":"","overlay-type":"","overlay-color":"","overlay-gradient":""},"mobile":{"background-color":"var(--ast-global-color-5)","background-image":"","background-repeat":"repeat","background-position":"center center","background-size":"auto","background-attachment":"scroll","background-type":"","background-media":"","overlay-type":"","overlay-color":"","overlay-gradient":""}},"footnotes":""},"yoast_head":"<!-- This site is optimized with the Yoast SEO plugin v21.8 - https:\/\/yoast.com\/wordpress\/plugins\/seo\/ -->\n<title>Organizaci\u00f3n - SA.MI. Frutta<\/title>\n<meta name=\"description\" content=\"SA.MI. Frutta - Manufactures &amp; exportes : Organizaci\u00f3n\" \/>\n<meta name=\"robots\" content=\"index, follow, max-snippet:-1, max-image-preview:large, max-video-preview:-1\" \/>\n<link rel=\"canonical\" href=\"https:\/\/samifrutta.com\/es\/organizzazione\/\" \/>\n<meta property=\"og:locale\" content=\"es_ES\" \/>\n<meta property=\"og:type\" content=\"article\" \/>\n<meta property=\"og:title\" content=\"Organizaci\u00f3n - SA.MI. Frutta\" \/>\n<meta property=\"og:description\" content=\"SA.MI. Frutta - Manufactures &amp; exportes : Organizaci\u00f3n\" \/>\n<meta property=\"og:url\" content=\"https:\/\/samifrutta.com\/es\/organizzazione\/\" \/>\n<meta property=\"og:site_name\" content=\"SA.MI. Frutta\" \/>\n<meta property=\"article:modified_time\" content=\"2024-01-10T09:04:36+00:00\" \/>\n<meta name=\"twitter:card\" content=\"summary_large_image\" \/>\n<meta name=\"twitter:label1\" content=\"Tiempo de lectura\" \/>\n\t<meta name=\"twitter:data1\" content=\"1 minuto\" \/>\n<script type=\"application\/ld+json\" class=\"yoast-schema-graph\">{\"@context\":\"https:\/\/schema.org\",\"@graph\":[{\"@type\":\"WebPage\",\"@id\":\"https:\/\/samifrutta.com\/es\/organizzazione\/\",\"url\":\"https:\/\/samifrutta.com\/es\/organizzazione\/\",\"name\":\"Organizaci\u00f3n - SA.MI. Frutta\",\"isPartOf\":{\"@id\":\"https:\/\/samifrutta.com\/es\/#website\"},\"datePublished\":\"2022-08-29T15:33:25+00:00\",\"dateModified\":\"2024-01-10T09:04:36+00:00\",\"description\":\"SA.MI. Frutta - Manufactures &amp; exportes : Organizaci\u00f3n\",\"breadcrumb\":{\"@id\":\"https:\/\/samifrutta.com\/es\/organizzazione\/#breadcrumb\"},\"inLanguage\":\"es\",\"potentialAction\":[{\"@type\":\"ReadAction\",\"target\":[\"https:\/\/samifrutta.com\/es\/organizzazione\/\"]}]},{\"@type\":\"BreadcrumbList\",\"@id\":\"https:\/\/samifrutta.com\/es\/organizzazione\/#breadcrumb\",\"itemListElement\":[{\"@type\":\"ListItem\",\"position\":1,\"name\":\"Home\",\"item\":\"https:\/\/samifrutta.com\/es\/\"},{\"@type\":\"ListItem\",\"position\":2,\"name\":\"Organizaci\u00f3n\"}]},{\"@type\":\"WebSite\",\"@id\":\"https:\/\/samifrutta.com\/es\/#website\",\"url\":\"https:\/\/samifrutta.com\/es\/\",\"name\":\"SA.MI. Frutta\",\"description\":\"Manufactures &amp; exportes\",\"publisher\":{\"@id\":\"https:\/\/samifrutta.com\/es\/#organization\"},\"potentialAction\":[{\"@type\":\"SearchAction\",\"target\":{\"@type\":\"EntryPoint\",\"urlTemplate\":\"https:\/\/samifrutta.com\/es\/?s={search_term_string}\"},\"query-input\":\"required name=search_term_string\"}],\"inLanguage\":\"es\"},{\"@type\":\"Organization\",\"@id\":\"https:\/\/samifrutta.com\/es\/#organization\",\"name\":\"SA.MI. Frutta\",\"url\":\"https:\/\/samifrutta.com\/es\/\",\"logo\":{\"@type\":\"ImageObject\",\"inLanguage\":\"es\",\"@id\":\"https:\/\/samifrutta.com\/es\/#\/schema\/logo\/image\/\",\"url\":\"https:\/\/samifrutta.com\/wp-content\/uploads\/2023\/03\/Risorsa-7.svg\",\"contentUrl\":\"https:\/\/samifrutta.com\/wp-content\/uploads\/2023\/03\/Risorsa-7.svg\",\"width\":534,\"height\":296,\"caption\":\"SA.MI. Frutta\"},\"image\":{\"@id\":\"https:\/\/samifrutta.com\/es\/#\/schema\/logo\/image\/\"}}]}<\/script>\n<!-- \/ Yoast SEO plugin. -->","yoast_head_json":{"title":"Organizaci\u00f3n - SA.MI. Frutta","description":"SA.MI. Frutta - Manufactures &amp; exportes : Organizaci\u00f3n","robots":{"index":"index","follow":"follow","max-snippet":"max-snippet:-1","max-image-preview":"max-image-preview:large","max-video-preview":"max-video-preview:-1"},"canonical":"https:\/\/samifrutta.com\/es\/organizzazione\/","og_locale":"es_ES","og_type":"article","og_title":"Organizaci\u00f3n - SA.MI. Frutta","og_description":"SA.MI. Frutta - Manufactures &amp; exportes : Organizaci\u00f3n","og_url":"https:\/\/samifrutta.com\/es\/organizzazione\/","og_site_name":"SA.MI. Frutta","article_modified_time":"2024-01-10T09:04:36+00:00","twitter_card":"summary_large_image","twitter_misc":{"Tiempo de lectura":"1 minuto"},"schema":{"@context":"https:\/\/schema.org","@graph":[{"@type":"WebPage","@id":"https:\/\/samifrutta.com\/es\/organizzazione\/","url":"https:\/\/samifrutta.com\/es\/organizzazione\/","name":"Organizaci\u00f3n - SA.MI. Frutta","isPartOf":{"@id":"https:\/\/samifrutta.com\/es\/#website"},"datePublished":"2022-08-29T15:33:25+00:00","dateModified":"2024-01-10T09:04:36+00:00","description":"SA.MI. Frutta - Manufactures &amp; exportes : Organizaci\u00f3n","breadcrumb":{"@id":"https:\/\/samifrutta.com\/es\/organizzazione\/#breadcrumb"},"inLanguage":"es","potentialAction":[{"@type":"ReadAction","target":["https:\/\/samifrutta.com\/es\/organizzazione\/"]}]},{"@type":"BreadcrumbList","@id":"https:\/\/samifrutta.com\/es\/organizzazione\/#breadcrumb","itemListElement":[{"@type":"ListItem","position":1,"name":"Home","item":"https:\/\/samifrutta.com\/es\/"},{"@type":"ListItem","position":2,"name":"Organizaci\u00f3n"}]},{"@type":"WebSite","@id":"https:\/\/samifrutta.com\/es\/#website","url":"https:\/\/samifrutta.com\/es\/","name":"SA.MI. Frutta","description":"Manufactures &amp; exportes","publisher":{"@id":"https:\/\/samifrutta.com\/es\/#organization"},"potentialAction":[{"@type":"SearchAction","target":{"@type":"EntryPoint","urlTemplate":"https:\/\/samifrutta.com\/es\/?s={search_term_string}"},"query-input":"required name=search_term_string"}],"inLanguage":"es"},{"@type":"Organization","@id":"https:\/\/samifrutta.com\/es\/#organization","name":"SA.MI. Frutta","url":"https:\/\/samifrutta.com\/es\/","logo":{"@type":"ImageObject","inLanguage":"es","@id":"https:\/\/samifrutta.com\/es\/#\/schema\/logo\/image\/","url":"https:\/\/samifrutta.com\/wp-content\/uploads\/2023\/03\/Risorsa-7.svg","contentUrl":"https:\/\/samifrutta.com\/wp-content\/uploads\/2023\/03\/Risorsa-7.svg","width":534,"height":296,"caption":"SA.MI. Frutta"},"image":{"@id":"https:\/\/samifrutta.com\/es\/#\/schema\/logo\/image\/"}}]}},"_links":{"self":[{"href":"https:\/\/samifrutta.com\/es\/wp-json\/wp\/v2\/pages\/2505"}],"collection":[{"href":"https:\/\/samifrutta.com\/es\/wp-json\/wp\/v2\/pages"}],"about":[{"href":"https:\/\/samifrutta.com\/es\/wp-json\/wp\/v2\/types\/page"}],"author":[{"embeddable":true,"href":"https:\/\/samifrutta.com\/es\/wp-json\/wp\/v2\/users\/3"}],"replies":[{"embeddable":true,"href":"https:\/\/samifrutta.com\/es\/wp-json\/wp\/v2\/comments?post=2505"}],"version-history":[{"count":5,"href":"https:\/\/samifrutta.com\/es\/wp-json\/wp\/v2\/pages\/2505\/revisions"}],"predecessor-version":[{"id":2570,"href":"https:\/\/samifrutta.com\/es\/wp-json\/wp\/v2\/pages\/2505\/revisions\/2570"}],"wp:attachment":[{"href":"https:\/\/samifrutta.com\/es\/wp-json\/wp\/v2\/media?parent=2505"}],"curies":[{"name":"wp","href":"https:\/\/api.w.org\/{rel}","templated":true}]}}