{"id":2202,"date":"2022-07-12T17:25:07","date_gmt":"2022-07-12T15:25:07","guid":{"rendered":"https:\/\/samifrutta.com\/lavorazione\/"},"modified":"2024-01-12T12:11:35","modified_gmt":"2024-01-12T11:11:35","slug":"procesando","status":"publish","type":"page","link":"https:\/\/samifrutta.com\/es\/procesando\/","title":{"rendered":"Procesando"},"content":{"rendered":"\n<h2>\n\t\tPasos de procesamiento\n\t<\/h2>\n\t<p>Las fases de procesamiento de la cereza en nuestra empresa:<\/p>\n<a href=\"#raccolta\">ABASTECIMIENTO<\/a>, <a href=\"#calibrazione\">CALIBRACI\u00d3N<\/a>, <a href=\"#selezione\">SELECCI\u00d3N<\/a>,<br \/>\n<a href=\"#snocciolatura\">HUESO Y CORTE<\/a>, <a href=\"#colorazione\">COLORACI\u00d3N<\/a>\n<p>Despu\u00e9s de las distintas fases, se vende la mercanc\u00eda, seg\u00fan lo solicitado por el cliente.<\/p>\n\t\t\t<img decoding=\"async\" loading='false' src=\"https:\/\/samifrutta.com\/wp-content\/uploads\/2023\/01\/Senza-titolo-1.png\" alt=\"\" \/>\t\t\t\n<h2>\n\t\tAbastecimiento\n\t<\/h2>\n\t\t\t\t\t<a href=\"javascript:void(0);\" id=\"fl-accordion--label-0\" tabindex=\"0\" aria-controls=\"fl-accordion--panel-0\">Saber m\u00e1s<\/a>\n\t\t\t\t\t\t\t\t\t\t\t<a href=\"#\" id=\"fl-accordion--icon-0\" tabindex=\"-1\" aria-controls=\"fl-accordion--panel-0\"><i>Expand<\/i><\/a>\n\t\t\t\t\tLa recolecci\u00f3n de la cereza se realiza entre primavera y verano.<br \/>\nEl fruto procede de dos especies bot\u00e1nicas diferentes:\n<ul>\n<li><strong>el cerezo dulce<\/strong> (prunus avium) produce cerezas<\/li>\n<li>\u00a0<strong>el cerezo amargo<\/strong> (prunus cerarus) produce cerezas negras y guindas<\/li>\n<\/ul>\n<p>Para el suministro del producto<strong>recurrimos a proveedores hist\u00f3ricos<\/strong>, con quienes ahora se ha creado una relaci\u00f3n de confianza, basada en el mimo y la atenci\u00f3n con la que ellos cultivan el fruto.<\/p>\n\t\t\t<img decoding=\"async\" loading='false' src=\"https:\/\/samifrutta.com\/wp-content\/uploads\/2023\/01\/calibratura1.jpg\" alt=\"\" \/>\t\t\t\n\t\t\t<img decoding=\"async\" loading='false' src=\"https:\/\/samifrutta.com\/wp-content\/uploads\/2023\/01\/calibratura2.jpg\" alt=\"\" \/>\t\t\t\n\t\t\t<img decoding=\"async\" loading='false' src=\"https:\/\/samifrutta.com\/wp-content\/uploads\/2023\/01\/calibratura3.jpg\" alt=\"\" \/>\t\t\t\n\t\t\t<img decoding=\"async\" loading='false' src=\"https:\/\/samifrutta.com\/wp-content\/uploads\/2023\/01\/calibratura4.jpg\" alt=\"\" \/>\t\t\t\n\t\t\t\t<a href=\"#\" aria-label=\"previous\" role=\"button\">\n<\/a>\n\t\t\t\t<a href=\"#\" aria-label=\"next\" role=\"button\">\n<\/a>\n<h2>\n\t\tCalibraci\u00f3n\n\t<\/h2>\n\t\t\t\t\t<a href=\"javascript:void(0);\" id=\"fl-accordion--label-0\" tabindex=\"0\" aria-controls=\"fl-accordion--panel-0\">Saber m\u00e1s<\/a>\n\t\t\t\t\t\t\t\t\t\t\t<a href=\"#\" id=\"fl-accordion--icon-0\" tabindex=\"-1\" aria-controls=\"fl-accordion--panel-0\"><i>Expand<\/i><\/a>\n\t\t\t\t\t<p>Desde el campo el producto fresco llega directamente a la empresa. <strong>Para salvaguardar tanto la frescura como la calidad, intentamos que la cadena de suministro sea lo m\u00e1s corta posible.<\/strong><\/p>\nAl llegar a la empresa, <strong>las cerezas se almacenan en barriles que contienen di\u00f3xido de azufre<\/strong>. Este tiene el poder no s\u00f3lo de conservarlos sino que, a trav\u00e9s de \u00e9l, se produce la \u00f3smosis (p\u00e9rdida de az\u00facares y color).<br \/>\nPor lo tanto, despu\u00e9s de un cierto per\u00edodo de tiempo, el procesamiento puede comenzar.\n<p>Al ser un producto natural, viene en diferentes tama\u00f1os. Precisamente por eso, la empresa los calibra en funci\u00f3n de las peticiones de los clientes para su uso final.<strong> Los calibres tienen un rango que va desde un m\u00ednimo de 14 hasta un m\u00e1ximo de 26.<\/strong><\/p>\n\t\t\t<img decoding=\"async\" loading='false' src=\"https:\/\/samifrutta.com\/wp-content\/uploads\/2023\/10\/5084-Sami-mobile.jpg\" alt=\"\" \/>\t\t\t\n<h2>\n\t\tSelecci\u00f3n\n\t<\/h2>\n\t\t\t\t\t<a href=\"javascript:void(0);\" id=\"fl-accordion--label-0\" tabindex=\"0\" aria-controls=\"fl-accordion--panel-0\">Saber m\u00e1s<\/a>\n\t\t\t\t\t\t\t\t\t\t\t<a href=\"#\" id=\"fl-accordion--icon-0\" tabindex=\"-1\" aria-controls=\"fl-accordion--panel-0\"><i>Expand<\/i><\/a>\n\t\t\t\t\tLa empresa presta mucha atenci\u00f3n a la \u00abcalidad\u00bb, por lo que <strong>el punto fuerte es el uso del CLASIFICADOR \u00d3PTICO<\/strong> para la inspecci\u00f3n de cada fruta individual. .<br \/>\nDivide eficazmente el producto a rechazar del \u00abconforme\u00bb, garantizando la total seguridad de la fruta. El producto conforme puede ser la primera o segunda opci\u00f3n.\n\t\t\t<img decoding=\"async\" loading='false' src=\"https:\/\/samifrutta.com\/wp-content\/uploads\/2023\/10\/5225-Sami-mobile.jpg\" alt=\"\" \/>\t\t\t\n\t\t\t<img decoding=\"async\" loading='false' src=\"https:\/\/samifrutta.com\/wp-content\/uploads\/2023\/10\/5399-Sami-mobile.jpg\" alt=\"\" \/>\t\t\t\n\t\t\t<img decoding=\"async\" loading='false' src=\"https:\/\/samifrutta.com\/wp-content\/uploads\/2023\/10\/5531-Sami-mobile.jpg\" alt=\"\" \/>\t\t\t\n\t\t\t\t<a href=\"#\" aria-label=\"previous\" role=\"button\">\n<\/a>\n\t\t\t\t<a href=\"#\" aria-label=\"next\" role=\"button\">\n<\/a>\n<h2>\n\t\tPicar y cortar\n\t<\/h2>\n\t\t\t\t\t<a href=\"javascript:void(0);\" id=\"fl-accordion--label-0\" tabindex=\"0\" aria-controls=\"fl-accordion--panel-0\">Saber m\u00e1s<\/a>\n\t\t\t\t\t\t\t\t\t\t\t<a href=\"#\" id=\"fl-accordion--icon-0\" tabindex=\"-1\" aria-controls=\"fl-accordion--panel-0\"><i>Expand<\/i><\/a>\n\t\t\t\t\t<p>Despu\u00e9s de ser inspeccionado y calibrado, puede pasar por una fase de picadura y\/o corte. Esto depende de las solicitudes.<\/p>\n<strong>La fase de deshuesado se realiza mediante punzones que eliminan el hueso perforando la pulpa de los frutos.<\/strong> Si adem\u00e1s es necesario cortarlos, entonces mediante cortadores, Siempre presente en fila, el fruto se divide en dos partes.<br \/>\nAdem\u00e1s, la empresa, siempre atenta a los problemas de los clientes, est\u00e1 desarrollando, con la colaboraci\u00f3n de una reconocida empresa tecnol\u00f3gica, la detecci\u00f3n de la piedra o fragmento de piedra detectado mediante un clasificador \u00f3ptico.\n\t\t\t<img decoding=\"async\" loading='false' src=\"https:\/\/samifrutta.com\/wp-content\/uploads\/2023\/01\/colorazione1.jpg\" alt=\"\" \/>\t\t\t\n<h2>\n\t\tColorante\n\t<\/h2>\n\t\t\t\t\t<a href=\"javascript:void(0);\" id=\"fl-accordion--label-0\" tabindex=\"0\" aria-controls=\"fl-accordion--panel-0\">Saber m\u00e1s<\/a>\n\t\t\t\t\t\t\t\t\t\t\t<a href=\"#\" id=\"fl-accordion--icon-0\" tabindex=\"-1\" aria-controls=\"fl-accordion--panel-0\"><i>Expand<\/i><\/a>\n\t\t\t\t\t<p><strong>El color de las cerezas es el otro punto fuerte de SA.MI.Frutta.<\/strong><\/p>\n<p>El buque insignia de la empresa, tecnol\u00f3gicamente avanzado y de \u00faltima generaci\u00f3n.<strong> Gestionado por personal altamente cualificado. Utilizar productos \u00abnaturales\u00bb para colorear. Receta transmitida de padres a hijos, lo que convierte a Sami Fruit en l\u00edder entre nuestros competidores.<\/strong><\/p>\n<p>Por eso podemos denominar a nuestra empresa como TRADICIONAL. Anclado a recetas de d\u00e9cadas de antig\u00fcedad pero utilizado en tecnolog\u00edas avanzadas. Todo ello nos hace diferentes, aut\u00e9nticos y fiables respecto a los dem\u00e1s.<\/p>\n\n","protected":false},"excerpt":{"rendered":"<p>Pasos de procesamiento Las fases de procesamiento de la cereza en nuestra empresa: ABASTECIMIENTO, CALIBRACI\u00d3N, SELECCI\u00d3N, HUESO Y CORTE, COLORACI\u00d3N Despu\u00e9s de las distintas fases, se vende la mercanc\u00eda, seg\u00fan lo solicitado por el cliente. Abastecimiento Saber m\u00e1s Expand La recolecci\u00f3n de la cereza se realiza entre primavera y verano. El fruto procede de dos [&hellip;]<\/p>\n","protected":false},"author":3,"featured_media":0,"parent":0,"menu_order":0,"comment_status":"closed","ping_status":"closed","template":"","meta":{"site-sidebar-layout":"default","site-content-layout":"page-builder","ast-site-content-layout":"","site-content-style":"default","site-sidebar-style":"default","ast-global-header-display":"","ast-banner-title-visibility":"","ast-main-header-display":"","ast-hfb-above-header-display":"","ast-hfb-below-header-display":"","ast-hfb-mobile-header-display":"","site-post-title":"disabled","ast-breadcrumbs-content":"","ast-featured-img":"","footer-sml-layout":"","theme-transparent-header-meta":"disabled","adv-header-id-meta":"","stick-header-meta":"default","header-above-stick-meta":"","header-main-stick-meta":"","header-below-stick-meta":"","astra-migrate-meta-layouts":"default","ast-page-background-enabled":"default","ast-page-background-meta":{"desktop":{"background-color":"var(--ast-global-color-4)","background-image":"","background-repeat":"repeat","background-position":"center center","background-size":"auto","background-attachment":"scroll","background-type":"","background-media":"","overlay-type":"","overlay-color":"","overlay-gradient":""},"tablet":{"background-color":"","background-image":"","background-repeat":"repeat","background-position":"center center","background-size":"auto","background-attachment":"scroll","background-type":"","background-media":"","overlay-type":"","overlay-color":"","overlay-gradient":""},"mobile":{"background-color":"","background-image":"","background-repeat":"repeat","background-position":"center center","background-size":"auto","background-attachment":"scroll","background-type":"","background-media":"","overlay-type":"","overlay-color":"","overlay-gradient":""}},"ast-content-background-meta":{"desktop":{"background-color":"var(--ast-global-color-5)","background-image":"","background-repeat":"repeat","background-position":"center center","background-size":"auto","background-attachment":"scroll","background-type":"","background-media":"","overlay-type":"","overlay-color":"","overlay-gradient":""},"tablet":{"background-color":"var(--ast-global-color-5)","background-image":"","background-repeat":"repeat","background-position":"center center","background-size":"auto","background-attachment":"scroll","background-type":"","background-media":"","overlay-type":"","overlay-color":"","overlay-gradient":""},"mobile":{"background-color":"var(--ast-global-color-5)","background-image":"","background-repeat":"repeat","background-position":"center center","background-size":"auto","background-attachment":"scroll","background-type":"","background-media":"","overlay-type":"","overlay-color":"","overlay-gradient":""}},"footnotes":""},"yoast_head":"<!-- This site is optimized with the Yoast SEO plugin v21.8 - https:\/\/yoast.com\/wordpress\/plugins\/seo\/ -->\n<title>Procesando - SA.MI. Frutta<\/title>\n<meta name=\"description\" content=\"SA.MI. Frutta - Manufactures &amp; exportes : Procesando\" \/>\n<meta name=\"robots\" content=\"index, follow, max-snippet:-1, max-image-preview:large, max-video-preview:-1\" \/>\n<link rel=\"canonical\" href=\"https:\/\/samifrutta.com\/es\/procesando\/\" \/>\n<meta property=\"og:locale\" content=\"es_ES\" \/>\n<meta property=\"og:type\" content=\"article\" \/>\n<meta property=\"og:title\" content=\"Procesando - SA.MI. Frutta\" \/>\n<meta property=\"og:description\" content=\"SA.MI. Frutta - Manufactures &amp; exportes : Procesando\" \/>\n<meta property=\"og:url\" content=\"https:\/\/samifrutta.com\/es\/procesando\/\" \/>\n<meta property=\"og:site_name\" content=\"SA.MI. Frutta\" \/>\n<meta property=\"article:modified_time\" content=\"2024-01-12T11:11:35+00:00\" \/>\n<meta property=\"og:image\" content=\"https:\/\/samifrutta.com\/wp-content\/uploads\/2023\/01\/Senza-titolo-1.png\" \/>\n<meta name=\"twitter:card\" content=\"summary_large_image\" \/>\n<meta name=\"twitter:label1\" content=\"Tiempo de lectura\" \/>\n\t<meta name=\"twitter:data1\" content=\"3 minutos\" \/>\n<script type=\"application\/ld+json\" class=\"yoast-schema-graph\">{\"@context\":\"https:\/\/schema.org\",\"@graph\":[{\"@type\":\"WebPage\",\"@id\":\"https:\/\/samifrutta.com\/es\/procesando\/\",\"url\":\"https:\/\/samifrutta.com\/es\/procesando\/\",\"name\":\"Procesando - SA.MI. Frutta\",\"isPartOf\":{\"@id\":\"https:\/\/samifrutta.com\/es\/#website\"},\"datePublished\":\"2022-07-12T15:25:07+00:00\",\"dateModified\":\"2024-01-12T11:11:35+00:00\",\"description\":\"SA.MI. Frutta - Manufactures &amp; exportes : Procesando\",\"breadcrumb\":{\"@id\":\"https:\/\/samifrutta.com\/es\/procesando\/#breadcrumb\"},\"inLanguage\":\"es\",\"potentialAction\":[{\"@type\":\"ReadAction\",\"target\":[\"https:\/\/samifrutta.com\/es\/procesando\/\"]}]},{\"@type\":\"BreadcrumbList\",\"@id\":\"https:\/\/samifrutta.com\/es\/procesando\/#breadcrumb\",\"itemListElement\":[{\"@type\":\"ListItem\",\"position\":1,\"name\":\"Home\",\"item\":\"https:\/\/samifrutta.com\/es\/\"},{\"@type\":\"ListItem\",\"position\":2,\"name\":\"Procesando\"}]},{\"@type\":\"WebSite\",\"@id\":\"https:\/\/samifrutta.com\/es\/#website\",\"url\":\"https:\/\/samifrutta.com\/es\/\",\"name\":\"SA.MI. Frutta\",\"description\":\"Manufactures &amp; exportes\",\"publisher\":{\"@id\":\"https:\/\/samifrutta.com\/es\/#organization\"},\"potentialAction\":[{\"@type\":\"SearchAction\",\"target\":{\"@type\":\"EntryPoint\",\"urlTemplate\":\"https:\/\/samifrutta.com\/es\/?s={search_term_string}\"},\"query-input\":\"required name=search_term_string\"}],\"inLanguage\":\"es\"},{\"@type\":\"Organization\",\"@id\":\"https:\/\/samifrutta.com\/es\/#organization\",\"name\":\"SA.MI. Frutta\",\"url\":\"https:\/\/samifrutta.com\/es\/\",\"logo\":{\"@type\":\"ImageObject\",\"inLanguage\":\"es\",\"@id\":\"https:\/\/samifrutta.com\/es\/#\/schema\/logo\/image\/\",\"url\":\"https:\/\/samifrutta.com\/wp-content\/uploads\/2023\/03\/Risorsa-7.svg\",\"contentUrl\":\"https:\/\/samifrutta.com\/wp-content\/uploads\/2023\/03\/Risorsa-7.svg\",\"width\":534,\"height\":296,\"caption\":\"SA.MI. Frutta\"},\"image\":{\"@id\":\"https:\/\/samifrutta.com\/es\/#\/schema\/logo\/image\/\"}}]}<\/script>\n<!-- \/ Yoast SEO plugin. -->","yoast_head_json":{"title":"Procesando - SA.MI. Frutta","description":"SA.MI. Frutta - Manufactures &amp; exportes : Procesando","robots":{"index":"index","follow":"follow","max-snippet":"max-snippet:-1","max-image-preview":"max-image-preview:large","max-video-preview":"max-video-preview:-1"},"canonical":"https:\/\/samifrutta.com\/es\/procesando\/","og_locale":"es_ES","og_type":"article","og_title":"Procesando - SA.MI. Frutta","og_description":"SA.MI. Frutta - Manufactures &amp; exportes : Procesando","og_url":"https:\/\/samifrutta.com\/es\/procesando\/","og_site_name":"SA.MI. Frutta","article_modified_time":"2024-01-12T11:11:35+00:00","og_image":[{"url":"https:\/\/samifrutta.com\/wp-content\/uploads\/2023\/01\/Senza-titolo-1.png"}],"twitter_card":"summary_large_image","twitter_misc":{"Tiempo de lectura":"3 minutos"},"schema":{"@context":"https:\/\/schema.org","@graph":[{"@type":"WebPage","@id":"https:\/\/samifrutta.com\/es\/procesando\/","url":"https:\/\/samifrutta.com\/es\/procesando\/","name":"Procesando - SA.MI. Frutta","isPartOf":{"@id":"https:\/\/samifrutta.com\/es\/#website"},"datePublished":"2022-07-12T15:25:07+00:00","dateModified":"2024-01-12T11:11:35+00:00","description":"SA.MI. Frutta - Manufactures &amp; exportes : Procesando","breadcrumb":{"@id":"https:\/\/samifrutta.com\/es\/procesando\/#breadcrumb"},"inLanguage":"es","potentialAction":[{"@type":"ReadAction","target":["https:\/\/samifrutta.com\/es\/procesando\/"]}]},{"@type":"BreadcrumbList","@id":"https:\/\/samifrutta.com\/es\/procesando\/#breadcrumb","itemListElement":[{"@type":"ListItem","position":1,"name":"Home","item":"https:\/\/samifrutta.com\/es\/"},{"@type":"ListItem","position":2,"name":"Procesando"}]},{"@type":"WebSite","@id":"https:\/\/samifrutta.com\/es\/#website","url":"https:\/\/samifrutta.com\/es\/","name":"SA.MI. Frutta","description":"Manufactures &amp; exportes","publisher":{"@id":"https:\/\/samifrutta.com\/es\/#organization"},"potentialAction":[{"@type":"SearchAction","target":{"@type":"EntryPoint","urlTemplate":"https:\/\/samifrutta.com\/es\/?s={search_term_string}"},"query-input":"required name=search_term_string"}],"inLanguage":"es"},{"@type":"Organization","@id":"https:\/\/samifrutta.com\/es\/#organization","name":"SA.MI. Frutta","url":"https:\/\/samifrutta.com\/es\/","logo":{"@type":"ImageObject","inLanguage":"es","@id":"https:\/\/samifrutta.com\/es\/#\/schema\/logo\/image\/","url":"https:\/\/samifrutta.com\/wp-content\/uploads\/2023\/03\/Risorsa-7.svg","contentUrl":"https:\/\/samifrutta.com\/wp-content\/uploads\/2023\/03\/Risorsa-7.svg","width":534,"height":296,"caption":"SA.MI. Frutta"},"image":{"@id":"https:\/\/samifrutta.com\/es\/#\/schema\/logo\/image\/"}}]}},"_links":{"self":[{"href":"https:\/\/samifrutta.com\/es\/wp-json\/wp\/v2\/pages\/2202"}],"collection":[{"href":"https:\/\/samifrutta.com\/es\/wp-json\/wp\/v2\/pages"}],"about":[{"href":"https:\/\/samifrutta.com\/es\/wp-json\/wp\/v2\/types\/page"}],"author":[{"embeddable":true,"href":"https:\/\/samifrutta.com\/es\/wp-json\/wp\/v2\/users\/3"}],"replies":[{"embeddable":true,"href":"https:\/\/samifrutta.com\/es\/wp-json\/wp\/v2\/comments?post=2202"}],"version-history":[{"count":10,"href":"https:\/\/samifrutta.com\/es\/wp-json\/wp\/v2\/pages\/2202\/revisions"}],"predecessor-version":[{"id":2650,"href":"https:\/\/samifrutta.com\/es\/wp-json\/wp\/v2\/pages\/2202\/revisions\/2650"}],"wp:attachment":[{"href":"https:\/\/samifrutta.com\/es\/wp-json\/wp\/v2\/media?parent=2202"}],"curies":[{"name":"wp","href":"https:\/\/api.w.org\/{rel}","templated":true}]}}