{"id":2189,"date":"2022-08-30T10:22:26","date_gmt":"2022-08-30T08:22:26","guid":{"rendered":"https:\/\/samifrutta.com\/sostenibilita-e-certificazioni\/"},"modified":"2024-01-17T10:13:19","modified_gmt":"2024-01-17T09:13:19","slug":"sostenibilidad-y-certificaciones","status":"publish","type":"page","link":"https:\/\/samifrutta.com\/es\/sostenibilidad-y-certificaciones\/","title":{"rendered":"Sostenibilidad y certificaciones"},"content":{"rendered":"\n<h2>\n\t\tSostenibilidad y certificaciones\n\t<\/h2>\n\t<p>Sensible y atenta con el medio ambiente, ha implementado no s\u00f3lo el sistema de <strong>extracci\u00f3n para mejorar la calidad del aire que respiramos<\/strong>, reduciendo y reduciendo la liberaci\u00f3n de gases y humos a la atm\u00f3sfera, sino tambi\u00e9n el de depuraci\u00f3n del agua.<\/p>\n\t<p>Adem\u00e1s, toda la f\u00e1brica est\u00e1 alimentada por <strong>un sistema de paneles fotovoltaicos<\/strong>, que reducen el consumo energ\u00e9tico y permiten ser competitivos en el precio del producto terminado.<\/p>\n\t<h2>\n\t\t\t\tNuestras certificaciones\n\t\t\t<\/h2>\n\t\t\t\t<img decoding=\"async\" src=\"https:\/\/samifrutta.com\/wp-content\/uploads\/2023\/04\/IFS-Food-logo-300x167.png\" alt=\"IFS-Food-logo\" title=\"IFS-Food-logo\" itemprop=\"image\"\/>\n\t\t\t\t\t\t\t\t\t\t\t\t<h2>IFS<\/h2>\n\t\t\t<!-- END .front -->\n\t\t\t\t\t\t\t\t\t\t<h2>IFS Food<\/h2>\n\t\t\t\t\t\t<p><a href=\"\/wp-content\/uploads\/2023\/04\/01_SA.MI-Frutta-Certificato-Ifs-Food.pdf\" target=\"_blank\" rel=\"noopener\">Ver el certificado<\/a><\/p>\t\t\t\t\t\n\t\t\t<!-- END .back -->\n\t\t <!-- ifb-flip-box -->\n\t <!-- flip-box -->\n\t\t\t\t<img decoding=\"async\" src=\"https:\/\/samifrutta.com\/wp-content\/uploads\/2023\/04\/Halal-1.png\" alt=\"Halal\" title=\"Halal\" itemprop=\"image\"\/>\n\t\t\t\t\t\t\t\t\t\t\t\t<h2>HQC<\/h2>\n\t\t\t<!-- END .front -->\n\t\t\t\t\t\t\t\t\t\t<h2>Halal<\/h2>\n\t\t\t\t\t\t<p><a href=\"https:\/\/samifrutta.com\/wp-content\/uploads\/2023\/10\/HALAL-SAMIFruttasas-NL11311300185.pdf\" target=\"_blank\" rel=\"noopener\">Ver el certificado<\/a><\/p>\t\t\t\t\t\n\t\t\t<!-- END .back -->\n\t\t <!-- ifb-flip-box -->\n\t <!-- flip-box -->\n\t\t\t\t<img decoding=\"async\" src=\"https:\/\/samifrutta.com\/wp-content\/uploads\/2023\/04\/kosher-certification-service.jpg\" alt=\"kosher-certification-service\" title=\"kosher-certification-service\" itemprop=\"image\"\/>\n\t\t\t\t\t\t\t\t\t\t\t\t<h2>Cerezas negras<\/h2>\n\t\t\t<!-- END .front -->\n\t\t\t\t\t\t\t\t\t\t<h2>Cerezas negras<\/h2>\n\t\t\t\t\t\t<p><a href=\"https:\/\/samifrutta.com\/wp-content\/uploads\/2024\/01\/Amarena-Cherries.pdf\" target=\"_blank\" rel=\"noopener\">Ver el certificado<\/a><\/p>\t\t\t\t\t\n\t\t\t<!-- END .back -->\n\t\t <!-- ifb-flip-box -->\n\t <!-- flip-box -->\n\t\t\t\t<img decoding=\"async\" src=\"https:\/\/samifrutta.com\/wp-content\/uploads\/2023\/04\/kosher-certification-service.jpg\" alt=\"kosher-certification-service\" title=\"kosher-certification-service\" itemprop=\"image\"\/>\n\t\t\t\t\t\t\t\t\t\t\t\t<h2>Cerezas en SO2<\/h2>\n\t\t\t<!-- END .front -->\n\t\t\t\t\t\t\t\t\t\t<h2>Cerezas en SO2<\/h2>\n\t\t\t\t\t\t<p><a href=\"https:\/\/samifrutta.com\/wp-content\/uploads\/2024\/01\/Cherries-in-SO2.pdf\" target=\"_blank\" rel=\"noopener\">Ver el certificado<\/a><\/p>\t\t\t\t\t\n\t\t\t<!-- END .back -->\n\t\t <!-- ifb-flip-box -->\n\t <!-- flip-box -->\n\t\t\t\t<img decoding=\"async\" src=\"https:\/\/samifrutta.com\/wp-content\/uploads\/2023\/04\/kosher-certification-service.jpg\" alt=\"kosher-certification-service\" title=\"kosher-certification-service\" itemprop=\"image\"\/>\n\t\t\t\t\t\t\t\t\t\t\t\t<h2>Cerezas de color rojo<\/h2>\n\t\t\t<!-- END .front -->\n\t\t\t\t\t\t\t\t\t\t<h2>Cerezas de color rojo<\/h2>\n\t\t\t\t\t\t<p><a href=\"https:\/\/samifrutta.com\/wp-content\/uploads\/2024\/01\/Red-Coloured-Cherries.pdf\" target=\"_blank\" rel=\"noopener\">Ver el certificado<\/a><\/p>\t\t\t\t\t\n\t\t\t<!-- END .back -->\n\t\t <!-- ifb-flip-box -->\n\t <!-- flip-box -->\n\n","protected":false},"excerpt":{"rendered":"<p>Sostenibilidad y certificaciones Sensible y atenta con el medio ambiente, ha implementado no s\u00f3lo el sistema de extracci\u00f3n para mejorar la calidad del aire que respiramos, reduciendo y reduciendo la liberaci\u00f3n de gases y humos a la atm\u00f3sfera, sino tambi\u00e9n el de depuraci\u00f3n del agua. Adem\u00e1s, toda la f\u00e1brica est\u00e1 alimentada por un sistema de [&hellip;]<\/p>\n","protected":false},"author":3,"featured_media":0,"parent":0,"menu_order":0,"comment_status":"closed","ping_status":"closed","template":"","meta":{"site-sidebar-layout":"default","site-content-layout":"page-builder","ast-site-content-layout":"","site-content-style":"default","site-sidebar-style":"default","ast-global-header-display":"","ast-banner-title-visibility":"","ast-main-header-display":"","ast-hfb-above-header-display":"","ast-hfb-below-header-display":"","ast-hfb-mobile-header-display":"","site-post-title":"disabled","ast-breadcrumbs-content":"","ast-featured-img":"","footer-sml-layout":"","theme-transparent-header-meta":"disabled","adv-header-id-meta":"","stick-header-meta":"default","header-above-stick-meta":"","header-main-stick-meta":"","header-below-stick-meta":"","astra-migrate-meta-layouts":"default","ast-page-background-enabled":"default","ast-page-background-meta":{"desktop":{"background-color":"var(--ast-global-color-4)","background-image":"","background-repeat":"repeat","background-position":"center center","background-size":"auto","background-attachment":"scroll","background-type":"","background-media":"","overlay-type":"","overlay-color":"","overlay-gradient":""},"tablet":{"background-color":"","background-image":"","background-repeat":"repeat","background-position":"center center","background-size":"auto","background-attachment":"scroll","background-type":"","background-media":"","overlay-type":"","overlay-color":"","overlay-gradient":""},"mobile":{"background-color":"","background-image":"","background-repeat":"repeat","background-position":"center center","background-size":"auto","background-attachment":"scroll","background-type":"","background-media":"","overlay-type":"","overlay-color":"","overlay-gradient":""}},"ast-content-background-meta":{"desktop":{"background-color":"var(--ast-global-color-5)","background-image":"","background-repeat":"repeat","background-position":"center center","background-size":"auto","background-attachment":"scroll","background-type":"","background-media":"","overlay-type":"","overlay-color":"","overlay-gradient":""},"tablet":{"background-color":"var(--ast-global-color-5)","background-image":"","background-repeat":"repeat","background-position":"center center","background-size":"auto","background-attachment":"scroll","background-type":"","background-media":"","overlay-type":"","overlay-color":"","overlay-gradient":""},"mobile":{"background-color":"var(--ast-global-color-5)","background-image":"","background-repeat":"repeat","background-position":"center center","background-size":"auto","background-attachment":"scroll","background-type":"","background-media":"","overlay-type":"","overlay-color":"","overlay-gradient":""}},"footnotes":""},"yoast_head":"<!-- This site is optimized with the Yoast SEO plugin v21.8 - https:\/\/yoast.com\/wordpress\/plugins\/seo\/ -->\n<title>Sostenibilidad y certificaciones - SA.MI. Frutta<\/title>\n<meta name=\"description\" content=\"SA.MI. Frutta - Manufactures &amp; exportes : Sostenibilidad y certificaciones\" \/>\n<meta name=\"robots\" content=\"index, follow, max-snippet:-1, max-image-preview:large, max-video-preview:-1\" \/>\n<link rel=\"canonical\" href=\"https:\/\/samifrutta.com\/es\/sostenibilidad-y-certificaciones\/\" \/>\n<meta property=\"og:locale\" content=\"es_ES\" \/>\n<meta property=\"og:type\" content=\"article\" \/>\n<meta property=\"og:title\" content=\"Sostenibilidad y certificaciones - SA.MI. Frutta\" \/>\n<meta property=\"og:description\" content=\"SA.MI. Frutta - Manufactures &amp; exportes : Sostenibilidad y certificaciones\" \/>\n<meta property=\"og:url\" content=\"https:\/\/samifrutta.com\/es\/sostenibilidad-y-certificaciones\/\" \/>\n<meta property=\"og:site_name\" content=\"SA.MI. Frutta\" \/>\n<meta property=\"article:modified_time\" content=\"2024-01-17T09:13:19+00:00\" \/>\n<meta property=\"og:image\" content=\"https:\/\/samifrutta.com\/wp-content\/uploads\/2023\/04\/IFS-Food-logo-300x167.png\" \/>\n<meta name=\"twitter:card\" content=\"summary_large_image\" \/>\n<meta name=\"twitter:label1\" content=\"Tiempo de lectura\" \/>\n\t<meta name=\"twitter:data1\" content=\"1 minuto\" \/>\n<script type=\"application\/ld+json\" class=\"yoast-schema-graph\">{\"@context\":\"https:\/\/schema.org\",\"@graph\":[{\"@type\":\"WebPage\",\"@id\":\"https:\/\/samifrutta.com\/es\/sostenibilidad-y-certificaciones\/\",\"url\":\"https:\/\/samifrutta.com\/es\/sostenibilidad-y-certificaciones\/\",\"name\":\"Sostenibilidad y certificaciones - SA.MI. Frutta\",\"isPartOf\":{\"@id\":\"https:\/\/samifrutta.com\/es\/#website\"},\"datePublished\":\"2022-08-30T08:22:26+00:00\",\"dateModified\":\"2024-01-17T09:13:19+00:00\",\"description\":\"SA.MI. Frutta - Manufactures &amp; exportes : Sostenibilidad y certificaciones\",\"breadcrumb\":{\"@id\":\"https:\/\/samifrutta.com\/es\/sostenibilidad-y-certificaciones\/#breadcrumb\"},\"inLanguage\":\"es\",\"potentialAction\":[{\"@type\":\"ReadAction\",\"target\":[\"https:\/\/samifrutta.com\/es\/sostenibilidad-y-certificaciones\/\"]}]},{\"@type\":\"BreadcrumbList\",\"@id\":\"https:\/\/samifrutta.com\/es\/sostenibilidad-y-certificaciones\/#breadcrumb\",\"itemListElement\":[{\"@type\":\"ListItem\",\"position\":1,\"name\":\"Home\",\"item\":\"https:\/\/samifrutta.com\/es\/\"},{\"@type\":\"ListItem\",\"position\":2,\"name\":\"Sostenibilidad y certificaciones\"}]},{\"@type\":\"WebSite\",\"@id\":\"https:\/\/samifrutta.com\/es\/#website\",\"url\":\"https:\/\/samifrutta.com\/es\/\",\"name\":\"SA.MI. Frutta\",\"description\":\"Manufactures &amp; exportes\",\"publisher\":{\"@id\":\"https:\/\/samifrutta.com\/es\/#organization\"},\"potentialAction\":[{\"@type\":\"SearchAction\",\"target\":{\"@type\":\"EntryPoint\",\"urlTemplate\":\"https:\/\/samifrutta.com\/es\/?s={search_term_string}\"},\"query-input\":\"required name=search_term_string\"}],\"inLanguage\":\"es\"},{\"@type\":\"Organization\",\"@id\":\"https:\/\/samifrutta.com\/es\/#organization\",\"name\":\"SA.MI. Frutta\",\"url\":\"https:\/\/samifrutta.com\/es\/\",\"logo\":{\"@type\":\"ImageObject\",\"inLanguage\":\"es\",\"@id\":\"https:\/\/samifrutta.com\/es\/#\/schema\/logo\/image\/\",\"url\":\"https:\/\/samifrutta.com\/wp-content\/uploads\/2023\/03\/Risorsa-7.svg\",\"contentUrl\":\"https:\/\/samifrutta.com\/wp-content\/uploads\/2023\/03\/Risorsa-7.svg\",\"width\":534,\"height\":296,\"caption\":\"SA.MI. Frutta\"},\"image\":{\"@id\":\"https:\/\/samifrutta.com\/es\/#\/schema\/logo\/image\/\"}}]}<\/script>\n<!-- \/ Yoast SEO plugin. -->","yoast_head_json":{"title":"Sostenibilidad y certificaciones - SA.MI. Frutta","description":"SA.MI. Frutta - Manufactures &amp; exportes : Sostenibilidad y certificaciones","robots":{"index":"index","follow":"follow","max-snippet":"max-snippet:-1","max-image-preview":"max-image-preview:large","max-video-preview":"max-video-preview:-1"},"canonical":"https:\/\/samifrutta.com\/es\/sostenibilidad-y-certificaciones\/","og_locale":"es_ES","og_type":"article","og_title":"Sostenibilidad y certificaciones - SA.MI. Frutta","og_description":"SA.MI. Frutta - Manufactures &amp; exportes : Sostenibilidad y certificaciones","og_url":"https:\/\/samifrutta.com\/es\/sostenibilidad-y-certificaciones\/","og_site_name":"SA.MI. Frutta","article_modified_time":"2024-01-17T09:13:19+00:00","og_image":[{"url":"https:\/\/samifrutta.com\/wp-content\/uploads\/2023\/04\/IFS-Food-logo-300x167.png"}],"twitter_card":"summary_large_image","twitter_misc":{"Tiempo de lectura":"1 minuto"},"schema":{"@context":"https:\/\/schema.org","@graph":[{"@type":"WebPage","@id":"https:\/\/samifrutta.com\/es\/sostenibilidad-y-certificaciones\/","url":"https:\/\/samifrutta.com\/es\/sostenibilidad-y-certificaciones\/","name":"Sostenibilidad y certificaciones - SA.MI. Frutta","isPartOf":{"@id":"https:\/\/samifrutta.com\/es\/#website"},"datePublished":"2022-08-30T08:22:26+00:00","dateModified":"2024-01-17T09:13:19+00:00","description":"SA.MI. Frutta - Manufactures &amp; exportes : Sostenibilidad y certificaciones","breadcrumb":{"@id":"https:\/\/samifrutta.com\/es\/sostenibilidad-y-certificaciones\/#breadcrumb"},"inLanguage":"es","potentialAction":[{"@type":"ReadAction","target":["https:\/\/samifrutta.com\/es\/sostenibilidad-y-certificaciones\/"]}]},{"@type":"BreadcrumbList","@id":"https:\/\/samifrutta.com\/es\/sostenibilidad-y-certificaciones\/#breadcrumb","itemListElement":[{"@type":"ListItem","position":1,"name":"Home","item":"https:\/\/samifrutta.com\/es\/"},{"@type":"ListItem","position":2,"name":"Sostenibilidad y certificaciones"}]},{"@type":"WebSite","@id":"https:\/\/samifrutta.com\/es\/#website","url":"https:\/\/samifrutta.com\/es\/","name":"SA.MI. Frutta","description":"Manufactures &amp; exportes","publisher":{"@id":"https:\/\/samifrutta.com\/es\/#organization"},"potentialAction":[{"@type":"SearchAction","target":{"@type":"EntryPoint","urlTemplate":"https:\/\/samifrutta.com\/es\/?s={search_term_string}"},"query-input":"required name=search_term_string"}],"inLanguage":"es"},{"@type":"Organization","@id":"https:\/\/samifrutta.com\/es\/#organization","name":"SA.MI. Frutta","url":"https:\/\/samifrutta.com\/es\/","logo":{"@type":"ImageObject","inLanguage":"es","@id":"https:\/\/samifrutta.com\/es\/#\/schema\/logo\/image\/","url":"https:\/\/samifrutta.com\/wp-content\/uploads\/2023\/03\/Risorsa-7.svg","contentUrl":"https:\/\/samifrutta.com\/wp-content\/uploads\/2023\/03\/Risorsa-7.svg","width":534,"height":296,"caption":"SA.MI. Frutta"},"image":{"@id":"https:\/\/samifrutta.com\/es\/#\/schema\/logo\/image\/"}}]}},"_links":{"self":[{"href":"https:\/\/samifrutta.com\/es\/wp-json\/wp\/v2\/pages\/2189"}],"collection":[{"href":"https:\/\/samifrutta.com\/es\/wp-json\/wp\/v2\/pages"}],"about":[{"href":"https:\/\/samifrutta.com\/es\/wp-json\/wp\/v2\/types\/page"}],"author":[{"embeddable":true,"href":"https:\/\/samifrutta.com\/es\/wp-json\/wp\/v2\/users\/3"}],"replies":[{"embeddable":true,"href":"https:\/\/samifrutta.com\/es\/wp-json\/wp\/v2\/comments?post=2189"}],"version-history":[{"count":12,"href":"https:\/\/samifrutta.com\/es\/wp-json\/wp\/v2\/pages\/2189\/revisions"}],"predecessor-version":[{"id":2765,"href":"https:\/\/samifrutta.com\/es\/wp-json\/wp\/v2\/pages\/2189\/revisions\/2765"}],"wp:attachment":[{"href":"https:\/\/samifrutta.com\/es\/wp-json\/wp\/v2\/media?parent=2189"}],"curies":[{"name":"wp","href":"https:\/\/api.w.org\/{rel}","templated":true}]}}