{"id":2168,"date":"2022-08-29T17:33:42","date_gmt":"2022-08-29T15:33:42","guid":{"rendered":"https:\/\/samifrutta.com\/gruppo-santorelli\/"},"modified":"2024-01-24T12:09:07","modified_gmt":"2024-01-24T11:09:07","slug":"grupo-santorelli","status":"publish","type":"page","link":"https:\/\/samifrutta.com\/es\/grupo-santorelli\/","title":{"rendered":"Empresas del grupo"},"content":{"rendered":"\n<h2>\n\t\tEmpresas del grupo\n\t<\/h2>\n\tEl grupo opera en el <strong>procesamiento y comercializaci\u00f3n de fruta fresca, seca y en conserva<\/strong>.<br \/>\nDesarrolla su actividad productiva en <strong>Italia<\/strong>, <strong>Ruman\u00eda<\/strong>, <strong>Bulgaria<\/strong> y <strong>Turqu\u00eda<\/strong>, a trav\u00e9s de una serie de unidades de negocio que en conjunto representan una largu\u00edsima cadena de valor, estando integradas verticalmente upstream (a trav\u00e9s de la propiedad de plantaciones) y downstream (con la producci\u00f3n de productos terminados). destinado al gran comercio minorista, helader\u00edas y pasteler\u00edas.\n<p>En los pa\u00edses de Europa del Este y la zona de la CEI, el grupo es reconocido como l\u00edder en algunos tipos de productos como las cerezas c\u00f3ctel y las cerezas negras.<\/p>\n\t\t\t\t<img decoding=\"async\" src=\"https:\/\/samifrutta.com\/wp-content\/uploads\/2024\/01\/logo-sami-r-1.svg\" alt=\"logo-sami-r\" itemprop=\"image\" height=\"153.68\" width=\"299.14\" title=\"logo-sami-r\" onerror=\"this.style.display='none'\"  \/>\n\t\t\t\t<img loading=\"lazy\" decoding=\"async\" src=\"https:\/\/samifrutta.com\/wp-content\/uploads\/2024\/01\/logo-SANTO-RE.jpg\" alt=\"logo-SANTO-RE\" itemprop=\"image\" height=\"182\" width=\"371\" title=\"logo-SANTO-RE\" onerror=\"this.style.display='none'\"  \/>\n\t\t\t\t<img loading=\"lazy\" decoding=\"async\" src=\"https:\/\/samifrutta.com\/wp-content\/uploads\/2024\/01\/logo-cerasium-r.png\" alt=\"logo-cerasium-r\" itemprop=\"image\" height=\"118\" width=\"498\" title=\"logo-cerasium-r\" onerror=\"this.style.display='none'\"  \/>\n\t\t\t\t<img loading=\"lazy\" decoding=\"async\" src=\"https:\/\/samifrutta.com\/wp-content\/uploads\/2024\/01\/logo-italprod-r.png\" alt=\"logo-italprod-r\" itemprop=\"image\" height=\"212\" width=\"300\" title=\"logo-italprod-r\" onerror=\"this.style.display='none'\"  \/>\n\t\t\t\t<img loading=\"lazy\" decoding=\"async\" src=\"https:\/\/samifrutta.com\/wp-content\/uploads\/2024\/01\/partenope-frutta-r.png\" alt=\"partenope-frutta-r\" itemprop=\"image\" height=\"217\" width=\"265\" title=\"partenope-frutta-r\" onerror=\"this.style.display='none'\"  \/>\n\n","protected":false},"excerpt":{"rendered":"<p>Empresas del grupo El grupo opera en el procesamiento y comercializaci\u00f3n de fruta fresca, seca y en conserva. Desarrolla su actividad productiva en Italia, Ruman\u00eda, Bulgaria y Turqu\u00eda, a trav\u00e9s de una serie de unidades de negocio que en conjunto representan una largu\u00edsima cadena de valor, estando integradas verticalmente upstream (a trav\u00e9s de la propiedad [&hellip;]<\/p>\n","protected":false},"author":3,"featured_media":0,"parent":0,"menu_order":0,"comment_status":"closed","ping_status":"closed","template":"","meta":{"site-sidebar-layout":"default","site-content-layout":"page-builder","ast-site-content-layout":"","site-content-style":"default","site-sidebar-style":"default","ast-global-header-display":"","ast-banner-title-visibility":"","ast-main-header-display":"","ast-hfb-above-header-display":"","ast-hfb-below-header-display":"","ast-hfb-mobile-header-display":"","site-post-title":"disabled","ast-breadcrumbs-content":"","ast-featured-img":"","footer-sml-layout":"","theme-transparent-header-meta":"disabled","adv-header-id-meta":"","stick-header-meta":"default","header-above-stick-meta":"","header-main-stick-meta":"","header-below-stick-meta":"","astra-migrate-meta-layouts":"default","ast-page-background-enabled":"default","ast-page-background-meta":{"desktop":{"background-color":"var(--ast-global-color-4)","background-image":"","background-repeat":"repeat","background-position":"center center","background-size":"auto","background-attachment":"scroll","background-type":"","background-media":"","overlay-type":"","overlay-color":"","overlay-gradient":""},"tablet":{"background-color":"","background-image":"","background-repeat":"repeat","background-position":"center center","background-size":"auto","background-attachment":"scroll","background-type":"","background-media":"","overlay-type":"","overlay-color":"","overlay-gradient":""},"mobile":{"background-color":"","background-image":"","background-repeat":"repeat","background-position":"center center","background-size":"auto","background-attachment":"scroll","background-type":"","background-media":"","overlay-type":"","overlay-color":"","overlay-gradient":""}},"ast-content-background-meta":{"desktop":{"background-color":"var(--ast-global-color-5)","background-image":"","background-repeat":"repeat","background-position":"center center","background-size":"auto","background-attachment":"scroll","background-type":"","background-media":"","overlay-type":"","overlay-color":"","overlay-gradient":""},"tablet":{"background-color":"var(--ast-global-color-5)","background-image":"","background-repeat":"repeat","background-position":"center center","background-size":"auto","background-attachment":"scroll","background-type":"","background-media":"","overlay-type":"","overlay-color":"","overlay-gradient":""},"mobile":{"background-color":"var(--ast-global-color-5)","background-image":"","background-repeat":"repeat","background-position":"center center","background-size":"auto","background-attachment":"scroll","background-type":"","background-media":"","overlay-type":"","overlay-color":"","overlay-gradient":""}},"footnotes":""},"yoast_head":"<!-- This site is optimized with the Yoast SEO plugin v21.8 - https:\/\/yoast.com\/wordpress\/plugins\/seo\/ -->\n<title>Empresas del grupo - SA.MI. Frutta<\/title>\n<meta name=\"description\" content=\"SA.MI. Frutta - Manufactures &amp; exportes : Empresas del grupo\" \/>\n<meta name=\"robots\" content=\"index, follow, max-snippet:-1, max-image-preview:large, max-video-preview:-1\" \/>\n<link rel=\"canonical\" href=\"https:\/\/samifrutta.com\/es\/grupo-santorelli\/\" \/>\n<meta property=\"og:locale\" content=\"es_ES\" \/>\n<meta property=\"og:type\" content=\"article\" \/>\n<meta property=\"og:title\" content=\"Empresas del grupo - SA.MI. Frutta\" \/>\n<meta property=\"og:description\" content=\"SA.MI. Frutta - Manufactures &amp; exportes : Empresas del grupo\" \/>\n<meta property=\"og:url\" content=\"https:\/\/samifrutta.com\/es\/grupo-santorelli\/\" \/>\n<meta property=\"og:site_name\" content=\"SA.MI. Frutta\" \/>\n<meta property=\"article:modified_time\" content=\"2024-01-24T11:09:07+00:00\" \/>\n<meta property=\"og:image\" content=\"https:\/\/samifrutta.com\/wp-content\/uploads\/2024\/01\/logo-sami-r-1.svg\" \/>\n<meta name=\"twitter:card\" content=\"summary_large_image\" \/>\n<meta name=\"twitter:label1\" content=\"Tiempo de lectura\" \/>\n\t<meta name=\"twitter:data1\" content=\"1 minuto\" \/>\n<script type=\"application\/ld+json\" class=\"yoast-schema-graph\">{\"@context\":\"https:\/\/schema.org\",\"@graph\":[{\"@type\":\"WebPage\",\"@id\":\"https:\/\/samifrutta.com\/es\/grupo-santorelli\/\",\"url\":\"https:\/\/samifrutta.com\/es\/grupo-santorelli\/\",\"name\":\"Empresas del grupo - SA.MI. Frutta\",\"isPartOf\":{\"@id\":\"https:\/\/samifrutta.com\/es\/#website\"},\"datePublished\":\"2022-08-29T15:33:42+00:00\",\"dateModified\":\"2024-01-24T11:09:07+00:00\",\"description\":\"SA.MI. Frutta - Manufactures &amp; exportes : Empresas del grupo\",\"breadcrumb\":{\"@id\":\"https:\/\/samifrutta.com\/es\/grupo-santorelli\/#breadcrumb\"},\"inLanguage\":\"es\",\"potentialAction\":[{\"@type\":\"ReadAction\",\"target\":[\"https:\/\/samifrutta.com\/es\/grupo-santorelli\/\"]}]},{\"@type\":\"BreadcrumbList\",\"@id\":\"https:\/\/samifrutta.com\/es\/grupo-santorelli\/#breadcrumb\",\"itemListElement\":[{\"@type\":\"ListItem\",\"position\":1,\"name\":\"Home\",\"item\":\"https:\/\/samifrutta.com\/es\/\"},{\"@type\":\"ListItem\",\"position\":2,\"name\":\"Empresas del grupo\"}]},{\"@type\":\"WebSite\",\"@id\":\"https:\/\/samifrutta.com\/es\/#website\",\"url\":\"https:\/\/samifrutta.com\/es\/\",\"name\":\"SA.MI. Frutta\",\"description\":\"Manufactures &amp; exportes\",\"publisher\":{\"@id\":\"https:\/\/samifrutta.com\/es\/#organization\"},\"potentialAction\":[{\"@type\":\"SearchAction\",\"target\":{\"@type\":\"EntryPoint\",\"urlTemplate\":\"https:\/\/samifrutta.com\/es\/?s={search_term_string}\"},\"query-input\":\"required name=search_term_string\"}],\"inLanguage\":\"es\"},{\"@type\":\"Organization\",\"@id\":\"https:\/\/samifrutta.com\/es\/#organization\",\"name\":\"SA.MI. Frutta\",\"url\":\"https:\/\/samifrutta.com\/es\/\",\"logo\":{\"@type\":\"ImageObject\",\"inLanguage\":\"es\",\"@id\":\"https:\/\/samifrutta.com\/es\/#\/schema\/logo\/image\/\",\"url\":\"https:\/\/samifrutta.com\/wp-content\/uploads\/2023\/03\/Risorsa-7.svg\",\"contentUrl\":\"https:\/\/samifrutta.com\/wp-content\/uploads\/2023\/03\/Risorsa-7.svg\",\"width\":534,\"height\":296,\"caption\":\"SA.MI. Frutta\"},\"image\":{\"@id\":\"https:\/\/samifrutta.com\/es\/#\/schema\/logo\/image\/\"}}]}<\/script>\n<!-- \/ Yoast SEO plugin. -->","yoast_head_json":{"title":"Empresas del grupo - SA.MI. Frutta","description":"SA.MI. Frutta - Manufactures &amp; exportes : Empresas del grupo","robots":{"index":"index","follow":"follow","max-snippet":"max-snippet:-1","max-image-preview":"max-image-preview:large","max-video-preview":"max-video-preview:-1"},"canonical":"https:\/\/samifrutta.com\/es\/grupo-santorelli\/","og_locale":"es_ES","og_type":"article","og_title":"Empresas del grupo - SA.MI. Frutta","og_description":"SA.MI. Frutta - Manufactures &amp; exportes : Empresas del grupo","og_url":"https:\/\/samifrutta.com\/es\/grupo-santorelli\/","og_site_name":"SA.MI. Frutta","article_modified_time":"2024-01-24T11:09:07+00:00","og_image":[{"url":"https:\/\/samifrutta.com\/wp-content\/uploads\/2024\/01\/logo-sami-r-1.svg"}],"twitter_card":"summary_large_image","twitter_misc":{"Tiempo de lectura":"1 minuto"},"schema":{"@context":"https:\/\/schema.org","@graph":[{"@type":"WebPage","@id":"https:\/\/samifrutta.com\/es\/grupo-santorelli\/","url":"https:\/\/samifrutta.com\/es\/grupo-santorelli\/","name":"Empresas del grupo - SA.MI. Frutta","isPartOf":{"@id":"https:\/\/samifrutta.com\/es\/#website"},"datePublished":"2022-08-29T15:33:42+00:00","dateModified":"2024-01-24T11:09:07+00:00","description":"SA.MI. Frutta - Manufactures &amp; exportes : Empresas del grupo","breadcrumb":{"@id":"https:\/\/samifrutta.com\/es\/grupo-santorelli\/#breadcrumb"},"inLanguage":"es","potentialAction":[{"@type":"ReadAction","target":["https:\/\/samifrutta.com\/es\/grupo-santorelli\/"]}]},{"@type":"BreadcrumbList","@id":"https:\/\/samifrutta.com\/es\/grupo-santorelli\/#breadcrumb","itemListElement":[{"@type":"ListItem","position":1,"name":"Home","item":"https:\/\/samifrutta.com\/es\/"},{"@type":"ListItem","position":2,"name":"Empresas del grupo"}]},{"@type":"WebSite","@id":"https:\/\/samifrutta.com\/es\/#website","url":"https:\/\/samifrutta.com\/es\/","name":"SA.MI. Frutta","description":"Manufactures &amp; exportes","publisher":{"@id":"https:\/\/samifrutta.com\/es\/#organization"},"potentialAction":[{"@type":"SearchAction","target":{"@type":"EntryPoint","urlTemplate":"https:\/\/samifrutta.com\/es\/?s={search_term_string}"},"query-input":"required name=search_term_string"}],"inLanguage":"es"},{"@type":"Organization","@id":"https:\/\/samifrutta.com\/es\/#organization","name":"SA.MI. Frutta","url":"https:\/\/samifrutta.com\/es\/","logo":{"@type":"ImageObject","inLanguage":"es","@id":"https:\/\/samifrutta.com\/es\/#\/schema\/logo\/image\/","url":"https:\/\/samifrutta.com\/wp-content\/uploads\/2023\/03\/Risorsa-7.svg","contentUrl":"https:\/\/samifrutta.com\/wp-content\/uploads\/2023\/03\/Risorsa-7.svg","width":534,"height":296,"caption":"SA.MI. Frutta"},"image":{"@id":"https:\/\/samifrutta.com\/es\/#\/schema\/logo\/image\/"}}]}},"_links":{"self":[{"href":"https:\/\/samifrutta.com\/es\/wp-json\/wp\/v2\/pages\/2168"}],"collection":[{"href":"https:\/\/samifrutta.com\/es\/wp-json\/wp\/v2\/pages"}],"about":[{"href":"https:\/\/samifrutta.com\/es\/wp-json\/wp\/v2\/types\/page"}],"author":[{"embeddable":true,"href":"https:\/\/samifrutta.com\/es\/wp-json\/wp\/v2\/users\/3"}],"replies":[{"embeddable":true,"href":"https:\/\/samifrutta.com\/es\/wp-json\/wp\/v2\/comments?post=2168"}],"version-history":[{"count":10,"href":"https:\/\/samifrutta.com\/es\/wp-json\/wp\/v2\/pages\/2168\/revisions"}],"predecessor-version":[{"id":2832,"href":"https:\/\/samifrutta.com\/es\/wp-json\/wp\/v2\/pages\/2168\/revisions\/2832"}],"wp:attachment":[{"href":"https:\/\/samifrutta.com\/es\/wp-json\/wp\/v2\/media?parent=2168"}],"curies":[{"name":"wp","href":"https:\/\/api.w.org\/{rel}","templated":true}]}}