{"id":2147,"date":"2022-07-13T11:53:38","date_gmt":"2022-07-13T09:53:38","guid":{"rendered":"https:\/\/samifrutta.com\/azienda\/"},"modified":"2023-10-24T17:58:52","modified_gmt":"2023-10-24T15:58:52","slug":"la-empresa","status":"publish","type":"page","link":"https:\/\/samifrutta.com\/es\/la-empresa\/","title":{"rendered":"La empresa"},"content":{"rendered":"\n<h2>\n\t\tHistoria\n\t<\/h2>\n\t<p>SA.MI. Frutta \u00abSantorelli Michele FRUTTA\u00bb naci\u00f3 en 1995 dirigida por el Dr. Antonio Santorelli, padre del actual director Michele Santorelli y socia Filomena Alessandra Santorelli.<\/p>\n<p>El doctor. Antonio Santorelli ya contaba con a\u00f1os de experiencia y pasi\u00f3n en el sector de la cereza, heredados de su familia, que en los a\u00f1os 70 hab\u00eda fundado una empresa reconocida internacionalmente.<\/p>\n<p>Los ni\u00f1os aprendieron desde peque\u00f1os la pasi\u00f3n por el negocio familiar y fue en 1995 cuando Michele adquiri\u00f3 experiencia en el extranjero para adquirir la materia prima, que luego se procesaba in situ en Italia.<\/p>\n<h2>\n\t\tLa empresa\n\t<\/h2>\n\t<p>Hoy SA.MI. Frutta ha ampliado su estructura organizativa y productiva, combinando producci\u00f3n y trabajo hist\u00f3rico con know-how gracias a una constante inclusi\u00f3n de figuras profesionales con vistas a la investigaci\u00f3n y el desarrollo, orientados a la creaci\u00f3n de nuevos productos y nuevos mercados de referencia.<\/p>\n\t\t\t\t<img loading=\"lazy\" decoding=\"async\" src=\"https:\/\/samifrutta.com\/wp-content\/uploads\/2022\/08\/azienda-team.jpg\" alt=\"azienda-team\" itemprop=\"image\" height=\"656\" width=\"1100\" title=\"azienda-team\" onerror=\"this.style.display='none'\"  \/>\n<h2>\n\t\tEl personal\n\t<\/h2>\n\t<p>Fieles a la empresa, nuestro equipo est\u00e1 formado por personas altamente cualificadas, unidas por una relaci\u00f3n de confianza y honestidad de veinte a\u00f1os, principalmente con el Dr. Antonio Santorelli, y luego con sus hijos ahora al mando.<\/p>\n<p>A\u00f1os de experiencia y formaci\u00f3n constante y continua hacen de nuestro equipo un motor continuo e impulsor que consigue formar a las nuevas incorporaciones introducidas para el crecimiento de la empresa.<\/p>\n<h2>\n\t\tLa f\u00e1brica\n\t<\/h2>\n\tSituado en Campania, en Sperone en la provincia de Avellino.<br \/>\nLa empresa cuenta con 2 naves industriales para un total de aproximadamente 4000 m2 y un patio de aproximadamente 30.000 m2.\n<p>La joya de la corona de esta empresa siguen siendo las d\u00e9cadas de experiencia transmitidas por la pasi\u00f3n de Antonio Santorelli a todo el personal de SA.MI. Fruta.<\/p>\n<p>A esto se suma la innovaci\u00f3n de la maquinaria, como las clasificadoras \u00f3pticas y el nuevo sistema de coloraci\u00f3n autom\u00e1tico, que mejora la calidad del producto.<\/p>\n\t\t\t\t<img loading=\"lazy\" decoding=\"async\" src=\"https:\/\/samifrutta.com\/wp-content\/uploads\/2023\/10\/DRONE-scaled.jpg\" alt=\"DRONE\" itemprop=\"image\" height=\"1707\" width=\"2560\" title=\"DRONE\" onerror=\"this.style.display='none'\"  \/>\n<h2>\n\t\tLa misi\u00f3n\n\t<\/h2>\n\t<p>La Misi\u00f3n de nuestra empresa es desarrollar, mejorar y transformar una actividad artesanal que nos legaron nuestros antepasados \u200b\u200ben una actividad industrial capaz de satisfacer las necesidades de nuestros clientes sin perder nunca de vista esa caracter\u00edstica de calidad que nos distingue en el mercado internacional.<\/p>\n<p>De hecho, \u00absiempre\u00bb nos hemos centrado en la CALIDAD de nuestros productos, hasta el punto de satisfacer plenamente las solicitudes de nuestros fieles clientes en todo el mundo.<\/p>\n<p>Los veinte a\u00f1os de experiencia del administrador, combinados con la fidelidad de empleados y clientes, son actualmente la combinaci\u00f3n adecuada para que la empresa contin\u00fae su escalada hacia nuevos objetivos.<\/p>\n\n","protected":false},"excerpt":{"rendered":"<p>Historia SA.MI. Frutta \u00abSantorelli Michele FRUTTA\u00bb naci\u00f3 en 1995 dirigida por el Dr. Antonio Santorelli, padre del actual director Michele Santorelli y socia Filomena Alessandra Santorelli. El doctor. Antonio Santorelli ya contaba con a\u00f1os de experiencia y pasi\u00f3n en el sector de la cereza, heredados de su familia, que en los a\u00f1os 70 hab\u00eda fundado [&hellip;]<\/p>\n","protected":false},"author":3,"featured_media":0,"parent":0,"menu_order":0,"comment_status":"closed","ping_status":"closed","template":"","meta":{"site-sidebar-layout":"default","site-content-layout":"page-builder","ast-site-content-layout":"","site-content-style":"default","site-sidebar-style":"default","ast-global-header-display":"","ast-banner-title-visibility":"","ast-main-header-display":"","ast-hfb-above-header-display":"","ast-hfb-below-header-display":"","ast-hfb-mobile-header-display":"","site-post-title":"disabled","ast-breadcrumbs-content":"","ast-featured-img":"","footer-sml-layout":"","theme-transparent-header-meta":"disabled","adv-header-id-meta":"","stick-header-meta":"default","header-above-stick-meta":"","header-main-stick-meta":"","header-below-stick-meta":"","astra-migrate-meta-layouts":"default","ast-page-background-enabled":"default","ast-page-background-meta":{"desktop":{"background-color":"var(--ast-global-color-4)","background-image":"","background-repeat":"repeat","background-position":"center center","background-size":"auto","background-attachment":"scroll","background-type":"","background-media":"","overlay-type":"","overlay-color":"","overlay-gradient":""},"tablet":{"background-color":"","background-image":"","background-repeat":"repeat","background-position":"center center","background-size":"auto","background-attachment":"scroll","background-type":"","background-media":"","overlay-type":"","overlay-color":"","overlay-gradient":""},"mobile":{"background-color":"","background-image":"","background-repeat":"repeat","background-position":"center center","background-size":"auto","background-attachment":"scroll","background-type":"","background-media":"","overlay-type":"","overlay-color":"","overlay-gradient":""}},"ast-content-background-meta":{"desktop":{"background-color":"var(--ast-global-color-5)","background-image":"","background-repeat":"repeat","background-position":"center center","background-size":"auto","background-attachment":"scroll","background-type":"","background-media":"","overlay-type":"","overlay-color":"","overlay-gradient":""},"tablet":{"background-color":"var(--ast-global-color-5)","background-image":"","background-repeat":"repeat","background-position":"center center","background-size":"auto","background-attachment":"scroll","background-type":"","background-media":"","overlay-type":"","overlay-color":"","overlay-gradient":""},"mobile":{"background-color":"var(--ast-global-color-5)","background-image":"","background-repeat":"repeat","background-position":"center center","background-size":"auto","background-attachment":"scroll","background-type":"","background-media":"","overlay-type":"","overlay-color":"","overlay-gradient":""}},"footnotes":""},"yoast_head":"<!-- This site is optimized with the Yoast SEO plugin v21.8 - https:\/\/yoast.com\/wordpress\/plugins\/seo\/ -->\n<title>La empresa - SA.MI. Frutta<\/title>\n<meta name=\"description\" content=\"SA.MI. Frutta - Manufactures &amp; exportes : La empresa\" \/>\n<meta name=\"robots\" content=\"index, follow, max-snippet:-1, max-image-preview:large, max-video-preview:-1\" \/>\n<link rel=\"canonical\" href=\"https:\/\/samifrutta.com\/es\/la-empresa\/\" \/>\n<meta property=\"og:locale\" content=\"es_ES\" \/>\n<meta property=\"og:type\" content=\"article\" \/>\n<meta property=\"og:title\" content=\"La empresa - SA.MI. Frutta\" \/>\n<meta property=\"og:description\" content=\"SA.MI. Frutta - Manufactures &amp; exportes : La empresa\" \/>\n<meta property=\"og:url\" content=\"https:\/\/samifrutta.com\/es\/la-empresa\/\" \/>\n<meta property=\"og:site_name\" content=\"SA.MI. Frutta\" \/>\n<meta property=\"article:modified_time\" content=\"2023-10-24T15:58:52+00:00\" \/>\n<meta property=\"og:image\" content=\"https:\/\/samifrutta.com\/wp-content\/uploads\/2022\/08\/azienda-team.jpg\" \/>\n<meta name=\"twitter:card\" content=\"summary_large_image\" \/>\n<meta name=\"twitter:label1\" content=\"Tiempo de lectura\" \/>\n\t<meta name=\"twitter:data1\" content=\"2 minutos\" \/>\n<script type=\"application\/ld+json\" class=\"yoast-schema-graph\">{\"@context\":\"https:\/\/schema.org\",\"@graph\":[{\"@type\":\"WebPage\",\"@id\":\"https:\/\/samifrutta.com\/es\/la-empresa\/\",\"url\":\"https:\/\/samifrutta.com\/es\/la-empresa\/\",\"name\":\"La empresa - SA.MI. Frutta\",\"isPartOf\":{\"@id\":\"https:\/\/samifrutta.com\/es\/#website\"},\"datePublished\":\"2022-07-13T09:53:38+00:00\",\"dateModified\":\"2023-10-24T15:58:52+00:00\",\"description\":\"SA.MI. Frutta - Manufactures &amp; exportes : La empresa\",\"breadcrumb\":{\"@id\":\"https:\/\/samifrutta.com\/es\/la-empresa\/#breadcrumb\"},\"inLanguage\":\"es\",\"potentialAction\":[{\"@type\":\"ReadAction\",\"target\":[\"https:\/\/samifrutta.com\/es\/la-empresa\/\"]}]},{\"@type\":\"BreadcrumbList\",\"@id\":\"https:\/\/samifrutta.com\/es\/la-empresa\/#breadcrumb\",\"itemListElement\":[{\"@type\":\"ListItem\",\"position\":1,\"name\":\"Home\",\"item\":\"https:\/\/samifrutta.com\/es\/\"},{\"@type\":\"ListItem\",\"position\":2,\"name\":\"La empresa\"}]},{\"@type\":\"WebSite\",\"@id\":\"https:\/\/samifrutta.com\/es\/#website\",\"url\":\"https:\/\/samifrutta.com\/es\/\",\"name\":\"SA.MI. Frutta\",\"description\":\"Manufactures &amp; exportes\",\"publisher\":{\"@id\":\"https:\/\/samifrutta.com\/es\/#organization\"},\"potentialAction\":[{\"@type\":\"SearchAction\",\"target\":{\"@type\":\"EntryPoint\",\"urlTemplate\":\"https:\/\/samifrutta.com\/es\/?s={search_term_string}\"},\"query-input\":\"required name=search_term_string\"}],\"inLanguage\":\"es\"},{\"@type\":\"Organization\",\"@id\":\"https:\/\/samifrutta.com\/es\/#organization\",\"name\":\"SA.MI. Frutta\",\"url\":\"https:\/\/samifrutta.com\/es\/\",\"logo\":{\"@type\":\"ImageObject\",\"inLanguage\":\"es\",\"@id\":\"https:\/\/samifrutta.com\/es\/#\/schema\/logo\/image\/\",\"url\":\"https:\/\/samifrutta.com\/wp-content\/uploads\/2023\/03\/Risorsa-7.svg\",\"contentUrl\":\"https:\/\/samifrutta.com\/wp-content\/uploads\/2023\/03\/Risorsa-7.svg\",\"width\":534,\"height\":296,\"caption\":\"SA.MI. Frutta\"},\"image\":{\"@id\":\"https:\/\/samifrutta.com\/es\/#\/schema\/logo\/image\/\"}}]}<\/script>\n<!-- \/ Yoast SEO plugin. -->","yoast_head_json":{"title":"La empresa - SA.MI. Frutta","description":"SA.MI. Frutta - Manufactures &amp; exportes : La empresa","robots":{"index":"index","follow":"follow","max-snippet":"max-snippet:-1","max-image-preview":"max-image-preview:large","max-video-preview":"max-video-preview:-1"},"canonical":"https:\/\/samifrutta.com\/es\/la-empresa\/","og_locale":"es_ES","og_type":"article","og_title":"La empresa - SA.MI. Frutta","og_description":"SA.MI. Frutta - Manufactures &amp; exportes : La empresa","og_url":"https:\/\/samifrutta.com\/es\/la-empresa\/","og_site_name":"SA.MI. Frutta","article_modified_time":"2023-10-24T15:58:52+00:00","og_image":[{"url":"https:\/\/samifrutta.com\/wp-content\/uploads\/2022\/08\/azienda-team.jpg"}],"twitter_card":"summary_large_image","twitter_misc":{"Tiempo de lectura":"2 minutos"},"schema":{"@context":"https:\/\/schema.org","@graph":[{"@type":"WebPage","@id":"https:\/\/samifrutta.com\/es\/la-empresa\/","url":"https:\/\/samifrutta.com\/es\/la-empresa\/","name":"La empresa - SA.MI. Frutta","isPartOf":{"@id":"https:\/\/samifrutta.com\/es\/#website"},"datePublished":"2022-07-13T09:53:38+00:00","dateModified":"2023-10-24T15:58:52+00:00","description":"SA.MI. Frutta - Manufactures &amp; exportes : La empresa","breadcrumb":{"@id":"https:\/\/samifrutta.com\/es\/la-empresa\/#breadcrumb"},"inLanguage":"es","potentialAction":[{"@type":"ReadAction","target":["https:\/\/samifrutta.com\/es\/la-empresa\/"]}]},{"@type":"BreadcrumbList","@id":"https:\/\/samifrutta.com\/es\/la-empresa\/#breadcrumb","itemListElement":[{"@type":"ListItem","position":1,"name":"Home","item":"https:\/\/samifrutta.com\/es\/"},{"@type":"ListItem","position":2,"name":"La empresa"}]},{"@type":"WebSite","@id":"https:\/\/samifrutta.com\/es\/#website","url":"https:\/\/samifrutta.com\/es\/","name":"SA.MI. Frutta","description":"Manufactures &amp; exportes","publisher":{"@id":"https:\/\/samifrutta.com\/es\/#organization"},"potentialAction":[{"@type":"SearchAction","target":{"@type":"EntryPoint","urlTemplate":"https:\/\/samifrutta.com\/es\/?s={search_term_string}"},"query-input":"required name=search_term_string"}],"inLanguage":"es"},{"@type":"Organization","@id":"https:\/\/samifrutta.com\/es\/#organization","name":"SA.MI. Frutta","url":"https:\/\/samifrutta.com\/es\/","logo":{"@type":"ImageObject","inLanguage":"es","@id":"https:\/\/samifrutta.com\/es\/#\/schema\/logo\/image\/","url":"https:\/\/samifrutta.com\/wp-content\/uploads\/2023\/03\/Risorsa-7.svg","contentUrl":"https:\/\/samifrutta.com\/wp-content\/uploads\/2023\/03\/Risorsa-7.svg","width":534,"height":296,"caption":"SA.MI. Frutta"},"image":{"@id":"https:\/\/samifrutta.com\/es\/#\/schema\/logo\/image\/"}}]}},"_links":{"self":[{"href":"https:\/\/samifrutta.com\/es\/wp-json\/wp\/v2\/pages\/2147"}],"collection":[{"href":"https:\/\/samifrutta.com\/es\/wp-json\/wp\/v2\/pages"}],"about":[{"href":"https:\/\/samifrutta.com\/es\/wp-json\/wp\/v2\/types\/page"}],"author":[{"embeddable":true,"href":"https:\/\/samifrutta.com\/es\/wp-json\/wp\/v2\/users\/3"}],"replies":[{"embeddable":true,"href":"https:\/\/samifrutta.com\/es\/wp-json\/wp\/v2\/comments?post=2147"}],"version-history":[{"count":4,"href":"https:\/\/samifrutta.com\/es\/wp-json\/wp\/v2\/pages\/2147\/revisions"}],"predecessor-version":[{"id":2380,"href":"https:\/\/samifrutta.com\/es\/wp-json\/wp\/v2\/pages\/2147\/revisions\/2380"}],"wp:attachment":[{"href":"https:\/\/samifrutta.com\/es\/wp-json\/wp\/v2\/media?parent=2147"}],"curies":[{"name":"wp","href":"https:\/\/api.w.org\/{rel}","templated":true}]}}